{"id":814,"date":"2020-07-23T15:58:56","date_gmt":"2020-07-23T15:58:56","guid":{"rendered":"http:\/\/inforum2025.xdi.uevora.pt\/?page_id=814"},"modified":"2025-06-06T18:03:47","modified_gmt":"2025-06-06T18:03:47","slug":"committees","status":"publish","type":"page","link":"https:\/\/inforum2025.xdi.uevora.pt\/index.php\/committees\/","title":{"rendered":"Organiza\u00e7\u00e3o"},"content":{"rendered":"\n<h2 class=\"wp-block-heading\"><strong>Organiza\u00e7\u00e3o<\/strong><\/h2>\n\n\n\n<h4 class=\"wp-block-heading\"><strong>Presid\u00eancia da Comiss\u00e3o de Programa<\/strong><\/h4>\n\n\n\n<ul class=\"wp-block-list\">\n<li>Filipe Ara\u00fajo &#8211; U. Coimbra<\/li>\n\n\n\n<li>Eug\u00e9nio Ribeiro &#8211; Iscte &#8211; IUL<\/li>\n<\/ul>\n\n\n\n<h4 class=\"wp-block-heading\"><strong>Comiss\u00e3o Organizadora<\/strong><\/h4>\n\n\n\n<ul class=\"wp-block-list\">\n<li>Pedro Salgueiro &#8211; U. \u00c9vora (Presidente)<\/li>\n\n\n\n<li>Lu\u00eds Rato &#8211; U. \u00c9vora<\/li>\n\n\n\n<li>Teresa Gon\u00e7alves &#8211; U. \u00c9vora<\/li>\n\n\n\n<li>Jo\u00e3o Cardoso &#8211; U. \u00c9vora<\/li>\n\n\n\n<li>M\u00e1rio Costa &#8211; U. \u00c9vora<\/li>\n<\/ul>\n\n\n\n<h4 class=\"wp-block-heading\"><strong>Comiss\u00e3o Coordenadora<\/strong><\/h4>\n\n\n\n<ul class=\"wp-block-list\">\n<li>Ana Paula Afonso &#8211; U. Lisboa<\/li>\n\n\n\n<li>Carla Ferreira &#8211; U. NOVA Lisboa<\/li>\n\n\n\n<li>Carlos Baquero &#8211; U. Porto<\/li>\n\n\n\n<li>Francisco Martins &#8211; U. A\u00e7ores<\/li>\n\n\n\n<li>Henrique Santos &#8211; U. Minho<\/li>\n\n\n\n<li>Irene Rodrigues &#8211; U. \u00c9vora<\/li>\n\n\n\n<li>J\u00e1come Cunha &#8211; U. Porto<\/li>\n\n\n\n<li>Jo\u00e3o Leit\u00e3o &#8211; U. NOVA Lisboa (Presidente)<\/li>\n\n\n\n<li>Jo\u00e3o Louren\u00e7o &#8211; U. NOVA Lisboa<\/li>\n\n\n\n<li>Jos\u00e9 Fonseca &#8211; I. P. Guarda<\/li>\n\n\n\n<li>L\u00facio Ferr\u00e3o &#8211; SolX<\/li>\n\n\n\n<li>Lu\u00eds Pinto &#8211; U. Lisboa<\/li>\n\n\n\n<li>Lu\u00eds Veiga &#8211; U. Lisboa<\/li>\n\n\n\n<li>M\u00e1rio Freire &#8211; U. Beira Interior<\/li>\n\n\n\n<li>Matilde Pato &#8211; ISEL<\/li>\n<\/ul>\n","protected":false},"excerpt":{"rendered":"<p>Organiza\u00e7\u00e3o Presid\u00eancia da Comiss\u00e3o de Programa Comiss\u00e3o Organizadora Comiss\u00e3o Coordenadora<\/p>\n","protected":false},"author":1,"featured_media":0,"parent":0,"menu_order":0,"comment_status":"closed","ping_status":"closed","template":"","meta":{"footnotes":""},"class_list":["post-814","page","type-page","status-publish","hentry"],"rttpg_featured_image_url":null,"rttpg_author":{"display_name":"pds","author_link":"https:\/\/inforum2025.xdi.uevora.pt\/index.php\/author\/pds\/"},"rttpg_comment":0,"rttpg_category":null,"rttpg_excerpt":"Organiza\u00e7\u00e3o Presid\u00eancia da Comiss\u00e3o de Programa Comiss\u00e3o Organizadora Comiss\u00e3o Coordenadora","_links":{"self":[{"href":"https:\/\/inforum2025.xdi.uevora.pt\/index.php\/wp-json\/wp\/v2\/pages\/814","targetHints":{"allow":["GET"]}}],"collection":[{"href":"https:\/\/inforum2025.xdi.uevora.pt\/index.php\/wp-json\/wp\/v2\/pages"}],"about":[{"href":"https:\/\/inforum2025.xdi.uevora.pt\/index.php\/wp-json\/wp\/v2\/types\/page"}],"author":[{"embeddable":true,"href":"https:\/\/inforum2025.xdi.uevora.pt\/index.php\/wp-json\/wp\/v2\/users\/1"}],"replies":[{"embeddable":true,"href":"https:\/\/inforum2025.xdi.uevora.pt\/index.php\/wp-json\/wp\/v2\/comments?post=814"}],"version-history":[{"count":27,"href":"https:\/\/inforum2025.xdi.uevora.pt\/index.php\/wp-json\/wp\/v2\/pages\/814\/revisions"}],"predecessor-version":[{"id":2412,"href":"https:\/\/inforum2025.xdi.uevora.pt\/index.php\/wp-json\/wp\/v2\/pages\/814\/revisions\/2412"}],"wp:attachment":[{"href":"https:\/\/inforum2025.xdi.uevora.pt\/index.php\/wp-json\/wp\/v2\/media?parent=814"}],"curies":[{"name":"wp","href":"https:\/\/api.w.org\/{rel}","templated":true}]}}