{"id":2677,"date":"2025-07-28T17:34:26","date_gmt":"2025-07-28T17:34:26","guid":{"rendered":"https:\/\/inforum2025.xdi.uevora.pt\/?page_id=2677"},"modified":"2025-09-04T14:23:38","modified_gmt":"2025-09-04T14:23:38","slug":"programa","status":"publish","type":"page","link":"https:\/\/inforum2025.xdi.uevora.pt\/index.php\/programa\/","title":{"rendered":"Programa"},"content":{"rendered":"\n<h1 class=\"wp-block-heading\">Programa<\/h1>\n\n\n\n<p><mark style=\"background-color:rgba(0, 0, 0, 0);color:#9f1c33;text-decoration: underline;\" class=\"has-inline-color\"><a href=\"https:\/\/www.hlt.inesc-id.pt\/~eugenio.ribeiro\/inforum2025\/\"><strong>Vers\u00f5es completas das publica\u00e7\u00f5es (requer palavra passe<\/strong><\/a><strong>)<\/strong><\/mark><\/p>\n\n\n\n<h2 class=\"wp-block-heading\"><mark style=\"background-color:rgba(0, 0, 0, 0);color:#9f1c33\" class=\"has-inline-color\">Dia 04\/09<\/mark><\/h2>\n\n\n\n<figure class=\"wp-block-table is-style-regular table-style-conf\"><table class=\"has-fixed-layout\"><thead><tr><th class=\"has-text-align-center\" data-align=\"center\">Hora<\/th><th class=\"has-text-align-center\" data-align=\"center\">Sala 1<\/th><th class=\"has-text-align-center\" data-align=\"center\">Sala 2<\/th><th class=\"has-text-align-center\" data-align=\"center\">Sala 3<\/th><\/tr><\/thead><tbody><tr><td class=\"has-text-align-center\" data-align=\"center\"><strong>11:00<\/strong><\/td><td class=\"has-text-align-center\" data-align=\"center\" colspan=\"3\">Registo<\/td><\/tr><tr><td class=\"has-text-align-center\" data-align=\"center\"><strong>12:00<\/strong><\/td><td class=\"has-text-align-center\" data-align=\"center\" colspan=\"3\">Almo\u00e7o<\/td><\/tr><tr><td class=\"has-text-align-center\" data-align=\"center\"><strong>13:20<\/strong><\/td><td class=\"has-text-align-center\" data-align=\"center\" colspan=\"3\">Abertura<\/td><\/tr><tr><td class=\"has-text-align-center\" data-align=\"center\"><strong>13:30<\/strong><\/td><td class=\"has-text-align-center\" data-align=\"center\"><a href=\"#cpdla1\"><mark style=\"background-color:rgba(0, 0, 0, 0);color:#9f1c33;text-decoration:underline;\" class=\"has-inline-color\"><strong>CPDLA 1<\/strong><\/mark><\/a><\/td><td class=\"has-text-align-center\" data-align=\"center\"><a href=\"#softpt1\"><mark style=\"background-color:rgba(0, 0, 0, 0);color:#9f1c33;text-decoration:underline;\" class=\"has-inline-color\"><strong>SOFT-PT 1<\/strong><\/mark><\/a><\/td><td class=\"has-text-align-center\" data-align=\"center\">&#8211;<\/td><\/tr><tr><td class=\"has-text-align-center\" data-align=\"center\"><strong>15:00<\/strong><\/td><td class=\"has-text-align-center\" data-align=\"center\" colspan=\"3\">Coffee Break<\/td><\/tr><tr><td class=\"has-text-align-center\" data-align=\"center\"><strong>15:15<\/strong><\/td><td class=\"has-text-align-center\" data-align=\"center\" colspan=\"3\">\n          INForum Keynote: <strong>Recent developments in LaTeX<\/strong>, Javier Bezos\n        <\/td><\/tr><tr><td class=\"has-text-align-center\" data-align=\"center\"><strong>16:30<\/strong><\/td><td class=\"has-text-align-center\" data-align=\"center\"><a href=\"#ia\"><mark style=\"background-color:rgba(0, 0, 0, 0);color:#9f1c33;text-decoration:underline;\" class=\"has-inline-color\"><strong>IA<\/strong><\/mark><\/a><\/td><td class=\"has-text-align-center\" data-align=\"center\"><a href=\"#sscc1\"><mark style=\"background-color:rgba(0, 0, 0, 0);color:#9f1c33;text-decoration:underline;\" class=\"has-inline-color\"><strong>SSCC 1<\/strong><\/mark><\/a><\/td><td class=\"has-text-align-center\" data-align=\"center\"><a href=\"https:\/\/inforum2025.xdi.uevora.pt\/index.php\/tug-pt\/\" data-type=\"page\" data-id=\"2788\"><mark style=\"background-color:rgba(0, 0, 0, 0);color:#9f1c33;text-decoration:underline;\" class=\"has-inline-color\"><strong>TUG-PT<\/strong><\/mark><\/a><\/td><\/tr><tr><td class=\"has-text-align-center\" data-align=\"center\"><strong>20:30<\/strong><\/td><td class=\"has-text-align-center\" data-align=\"center\" colspan=\"3\">Jantar<\/td><\/tr><\/tbody><\/table><\/figure>\n\n\n\n<p><strong><mark style=\"background-color:rgba(0, 0, 0, 0);color:#9f1c33\" class=\"has-inline-color\">Sala 1:<\/mark><\/strong> Pal\u00e1cio de Dom Manuel<br><strong><mark style=\"background-color:rgba(0, 0, 0, 0);color:#9f1c33\" class=\"has-inline-color\">Sala 2:<\/mark><\/strong> Anfiteatro 3, Col\u00e9gio Lu\u00eds Ant\u00f3nio de Verney (Universidade de \u00c9vora)<br><strong><mark style=\"background-color:rgba(0, 0, 0, 0);color:#9f1c33\" class=\"has-inline-color\">Sala 3:<\/mark><\/strong> Anfiteatro 4, Col\u00e9gio Lu\u00eds Ant\u00f3nio de Verney (Universidade de \u00c9vora)<br><mark style=\"background-color:rgba(0, 0, 0, 0);color:#9f1c33\" class=\"has-inline-color\"><strong>Nota:<\/strong><\/mark> O <strong>Registo<\/strong>, a <strong>Sess\u00e3o de Abertura<\/strong>, <strong>Keynotes<\/strong>, <strong>Industry Session<\/strong> e <strong>Business Meeting INForum<\/strong> ter\u00e3o lugar no <strong>Pal\u00e1cio de Dom Manuel<\/strong><\/p>\n\n\n\n<h2 class=\"wp-block-heading\"><mark style=\"background-color:rgba(0, 0, 0, 0);color:#9f1c33\" class=\"has-inline-color\">Dia 05\/09<\/mark><\/h2>\n\n\n\n<figure class=\"wp-block-table is-style-regular table-style-conf\"><table class=\"has-fixed-layout\"><thead><tr><th class=\"has-text-align-center\" data-align=\"center\">Hora<\/th><th class=\"has-text-align-center\" data-align=\"center\">Sala 1<\/th><th class=\"has-text-align-center\" data-align=\"center\">Sala 2<\/th><th class=\"has-text-align-center\" data-align=\"center\">Sala 3<\/th><\/tr><\/thead><tbody><tr><td class=\"has-text-align-center\" data-align=\"center\"><strong>9:00<\/strong><\/td><td class=\"has-text-align-center\" data-align=\"center\" colspan=\"3\">\n          INForum Keynote: <strong>AI Agents versus Agentic AI: state of the art<\/strong>, Paulo Quaresma\n        <\/td><\/tr><tr><td class=\"has-text-align-center\" data-align=\"center\"><strong>10:30<\/strong><\/td><td class=\"has-text-align-center\" data-align=\"center\" colspan=\"3\">Coffee Break<\/td><\/tr><tr><td class=\"has-text-align-center\" data-align=\"center\"><strong>10:45<\/strong><\/td><td class=\"has-text-align-center\" data-align=\"center\"><a href=\"#cpdla2\"><mark style=\"background-color:rgba(0, 0, 0, 0);color:#9f1c33;text-decoration:underline;\" class=\"has-inline-color\"><strong>CPDLA 2<\/strong><\/mark><\/a><\/td><td class=\"has-text-align-center\" data-align=\"center\"><a href=\"#softpt2\"><mark style=\"background-color:rgba(0, 0, 0, 0);color:#9f1c33;text-decoration:underline;\" class=\"has-inline-color\"><strong>SOFT-PT 2<\/strong><\/mark><\/a><\/td><td class=\"has-text-align-center\" data-align=\"center\"><a href=\"#cpsapps\"><mark style=\"background-color:rgba(0, 0, 0, 0);color:#9f1c33;text-decoration:underline;\" class=\"has-inline-color\"><strong>CPS&amp;Apps<\/strong><\/mark><\/a><\/td><\/tr><tr><td class=\"has-text-align-center\" data-align=\"center\"><strong>12:00<\/strong><\/td><td class=\"has-text-align-center\" data-align=\"center\" colspan=\"3\">Almo\u00e7o<\/td><\/tr><tr><td class=\"has-text-align-center\" data-align=\"center\"><strong>13:30<\/strong><\/td><td class=\"has-text-align-center\" data-align=\"center\" colspan=\"3\">Industry Session<\/td><\/tr><tr><td class=\"has-text-align-center\" data-align=\"center\"><strong>15:00<\/strong><\/td><td class=\"has-text-align-center\" data-align=\"center\" colspan=\"3\">Coffee Break, Sess\u00e3o de P\u00f3steres e Demos<\/td><\/tr><tr><td class=\"has-text-align-center\" data-align=\"center\"><strong>16:00<\/strong><\/td><td class=\"has-text-align-center\" data-align=\"center\"><a href=\"#sscc2crc\"><mark style=\"background-color:rgba(0, 0, 0, 0);color:#9f1c33;text-decoration:underline;\" class=\"has-inline-color\"><strong>SSCC 2 + CRC<\/strong><\/mark><\/a><\/td><td class=\"has-text-align-center\" data-align=\"center\"><a href=\"#bioinf\"><mark style=\"background-color:rgba(0, 0, 0, 0);color:#9f1c33;text-decoration:underline;\" class=\"has-inline-color\"><strong>BioInf<\/strong><\/mark><\/a><\/td><td class=\"has-text-align-center\" data-align=\"center\">&#8211;<\/td><\/tr><tr><td class=\"has-text-align-center\" data-align=\"center\"><strong>17:00<\/strong><\/td><td class=\"has-text-align-center\" data-align=\"center\" colspan=\"3\">Business Meeting INForum<\/td><\/tr><tr><td class=\"has-text-align-center\" data-align=\"center\"><strong>17:30<\/strong><\/td><td class=\"has-text-align-center\" data-align=\"center\" colspan=\"3\">Encerramento<\/td><\/tr><\/tbody><\/table><\/figure>\n\n\n\n<p><strong><mark style=\"background-color:rgba(0, 0, 0, 0);color:#9f1c33\" class=\"has-inline-color\">Sala 1:<\/mark><\/strong> Pal\u00e1cio de Dom Manuel<br><strong><mark style=\"background-color:rgba(0, 0, 0, 0);color:#9f1c33\" class=\"has-inline-color\">Sala 2:<\/mark><\/strong> Anfiteatro 3, Col\u00e9gio Lu\u00eds Ant\u00f3nio de Verney (Universidade de \u00c9vora)<br><strong><mark style=\"background-color:rgba(0, 0, 0, 0);color:#9f1c33\" class=\"has-inline-color\">Sala 3:<\/mark><\/strong> Anfiteatro 4, Col\u00e9gio Lu\u00eds Ant\u00f3nio de Verney (Universidade de \u00c9vora)<br><mark style=\"background-color:rgba(0, 0, 0, 0);color:#9f1c33\" class=\"has-inline-color\"><strong>Nota:<\/strong><\/mark> O <strong>Registo<\/strong>, a <strong>Sess\u00e3o de Abertura<\/strong>, <strong>Keynotes<\/strong>, <strong>Industry Session<\/strong> e <strong>Business Meeting INForum<\/strong> ter\u00e3o lugar no <strong>Pal\u00e1cio de Dom Manuel<\/strong><\/p>\n\n\n\n<h1 class=\"wp-block-heading\">Sess\u00f5es<\/h1>\n\n\n\n<p><strong><mark style=\"background-color:rgba(0, 0, 0, 0);color:#9f1c33\" class=\"has-inline-color\">Artigos:<\/mark> <\/strong>20 minutos (15 minutos de apresenta\u00e7\u00e3o + 5 minutos de discuss\u00e3o)<br><strong><mark style=\"background-color:rgba(0, 0, 0, 0);color:#9f1c33\" class=\"has-inline-color\">Comunica\u00e7\u00f5es:<\/mark> <\/strong>12 minutos (10 minutos de apresenta\u00e7\u00e3o + 2 minutos de discuss\u00e3o)<\/p>\n\n\n\n<style>\n  .sessao {padding:1em;background:#f9f9f9;border-radius:10px;margin-bottom:2em;\n           box-shadow:0 2px 5px rgba(0,0,0,0.1);font-family:sans-serif;}\n  .sessao h4 {margin-top:0;color:#9f1c33;}\n  \n  .titulo {color:black;font-weight:bold;margin-bottom:0.2em;}\n  .autores {margin-bottom:0.8em;}\n .tipo {margin-bottom:0.8em;}\n<\/style>\n\n<div class=\"sessao\">\n<h4 id=\"cpdla1\">Sess\u00e3o CPDLA 1 &#8211; 04\/09\/2025 13:30<\/h4>\n<div class=\"tipo\"><span style=\"color:#9f1c33;font-weight:bold;\">Chair: <\/span> <span style=\"color:black;\">Vin\u00edcius Cogo<\/span><\/div>\n<div class=\"titulo\">Hardware transactions with unlimited reads on contemporary Intel Scalable Xeon servers<\/div>\n<div class=\"autores\">Jos\u00e9 Esteves e Jo\u00e3o Barreto (Artigo)<\/div>\n<div class=\"titulo\">Concurrent Hash Maps Under Pressure: Revisiting the Separate Chaining Mechanism with Linked Lists and Dynamic Arrays<\/div>\n<div class=\"autores\">Ana Castro, Miguel Areias e Ricardo Rocha (Artigo)<\/div>\n<div class=\"titulo\">Hazard Region Pointers: seamless interpolation between Hazard Pointers and Epoch-Based Reclamation<\/div>\n<div class=\"autores\">Andr\u00e9 Costa e Jo\u00e3o M. Louren\u00e7o (Comunica\u00e7\u00e3o)<\/div>\n<div class=\"titulo\">Um Protocolo Descentralizado para Transmiss\u00e3o Cont\u00ednua de Dados Robusta e Eficiente<\/div>\n<div class=\"autores\">Diogo Fona e Jo\u00e3o Leit\u00e3o (Artigo)<\/div>\n<div class=\"titulo\">Sele\u00e7\u00e3o de Coordenadores em Sistemas Transaccionais Geo-Distribu\u00eddos<\/div>\n<div class=\"autores\">In\u00eas Cardeira, Rafael Soares e Luis Rodrigues (Comunica\u00e7\u00e3o)<\/div>\n<\/div>\n<div class=\"sessao\">\n<h4 id=\"softpt1\">Sess\u00e3o SOFT-PT 1 &#8211; 04\/09\/2025 13:30<\/h4>\n<div class=\"tipo\"><span style=\"color:#9f1c33;font-weight:bold;\">Chair: <\/span> <span style=\"color:black;\">Jo\u00e3o Ferreira<\/span><\/div>\n<div class=\"titulo\">Concurrent Multifaceted AI-powered Low-code Application Models<\/div>\n<div class=\"autores\">Hugo Louren\u00e7o, Carla Ferreira, Jo\u00e3o Costa Seco, Stoyan Garbatov e Nuno Silva (Artigo)<\/div>\n<div class=\"titulo\">Visual Meerkat: A Live and Visual Development Environment<\/div>\n<div class=\"autores\">Jo\u00e3o Santos e Jo\u00e3o Costa Seco (Artigo)<\/div>\n<div class=\"titulo\">Natural Deduction Proofs for Educational Feedback<\/div>\n<div class=\"autores\">Daniel Macau, Ricardo Gon\u00e7alves e Jo\u00e3o Costa Seco (Artigo)<\/div>\n<div class=\"titulo\">Ethereum Verified Machine: A Certified OCaml Implementation of the EVM<\/div>\n<div class=\"autores\">Ion Chirica, M\u00e1rio Pereira e Ant\u00f3nio Ravara (Artigo)<\/div>\n<div class=\"titulo\">A Blockchain Approach to IoT Sensor Data Storage Using Hyperledger Fabric<\/div>\n<div class=\"autores\">Diogo Solipa, Jos\u00e9 Saias e Pedro Salgueiro (Comunica\u00e7\u00e3o)<\/div>\n<\/div>\n<div class=\"sessao\">\n<h4 id=\"ia\">Sess\u00e3o IA &#8211; 04\/09\/2025 16:30<\/h4>\n<div class=\"tipo\"><span style=\"color:#9f1c33;font-weight:bold;\">Chair:<\/span> <span style=\"color:black;\">Eug\u00e9nio Ribeiro<\/span><\/div>\n<div class=\"titulo\">A 3D-based classification of Alzheimer\u2019s Disease in Decentralized Setting<\/div>\n<div class=\"autores\">Ana Sousa, Al\u00edcia Oliveira, Beatriz Cepa, Ant\u00f3nio Sousa e Cl\u00e1udia Brito (Artigo)<\/div>\n<div class=\"titulo\">Assessing Driver Style and Driver Volatility with Machine Learning Techniques<\/div>\n<div class=\"autores\">Duarte Valente, Lu\u00eds Loureiro, Artur Ferreira e Andr\u00e9 Louren\u00e7o (Artigo)<\/div>\n<div class=\"titulo\">A Genetic Algorithm for Pedestrian Origin-Destination Flow Estimation<\/div>\n<div class=\"autores\">Rodrigo Sim\u00f5es, Fernando Brito E Abreu e Adriano Lopes (Artigo)<\/div>\n<div class=\"titulo\">A Personal Digital Assistant Enhanced with Artificial Intelligence Techniques<\/div>\n<div class=\"autores\">Ant\u00f3nio Goul\u00e3o, Dinis Dias, Artur Ferreira e Nuno Leite (Comunica\u00e7\u00e3o)<\/div>\n<\/div>\n<div class=\"sessao\">\n<h4 id=\"sscc1\">Sess\u00e3o SSCC 1 &#8211; 04\/09\/2025 16:30<\/h4>\n<div class=\"tipo\"><span style=\"color:#9f1c33;font-weight:bold;\">Chair:<\/span> <span style=\"color:black;\">Alan S\u00e1<\/span><\/div>\n<div class=\"titulo\">Attackathon: A Tournament-Based Approach to Practicing Adversarial Cybersecurity<\/div>\n<div class=\"autores\">Martim Abreu, Emanuel Nunes, Samih Eisa e Miguel Pardal (Artigo)<\/div>\n<div class=\"titulo\">RedShell: A Generative AI-Based Approach to Ethical Hacking<\/div>\n<div class=\"autores\">Ricardo Bessa, Jo\u00e3o Trindade, Rui Claro e Jo\u00e3o M. Louren\u00e7o (Artigo)<\/div>\n<div class=\"titulo\">Ferramenta para Execu\u00e7\u00e3o Segura de Testes de Penetra\u00e7\u00e3o Autom\u00e1ticos<\/div>\n<div class=\"autores\">Tom\u00e1s P\u00e1scoa, Alan S\u00e1 e Jos\u00e9 Cec\u00edlio (Comunica\u00e7\u00e3o)<\/div>\n<div class=\"titulo\">Securing the Machine Learning Lifecycle: Threats and Mitigations<\/div>\n<div class=\"autores\">Alexandre van Velze e Jos\u00e9 D&#8217;Abruzzo Pereira (Comunica\u00e7\u00e3o)<\/div>\n<div class=\"titulo\">Uma ferramenta para a detec\u00e7\u00e3o e teste de vulnerabilidades em arquiteturas de micro-servi\u00e7os<\/div>\n<div class=\"autores\">Ant\u00f3nio Mendes, Kevin Gallagher e Jo\u00e3o Leit\u00e3o (Comunica\u00e7\u00e3o)<\/div>\n\n<\/div>\n<div class=\"sessao\">\n<h4 id=\"cpdla2\">Sess\u00e3o CPDLA 2 &#8211; 05\/09\/2025 10:45<\/h4>\n<div class=\"tipo\"><span style=\"color:#9f1c33;font-weight:bold;\">Chair:<\/span> <span style=\"color:black;\">Jo\u00e3o M. Louren\u00e7o<\/span><\/div>\n<div class=\"titulo\">Building a permissionless blockchain based on proof-of-space for archiving the world wide web<\/div>\n<div class=\"autores\">Bruno Cotrim, Bernardo Ferreira e Miguel Matos (Artigo)<\/div>\n<div class=\"titulo\">Secure, Resilient Streaming Communication and Processing in Challenging Environments<\/div>\n<div class=\"autores\">Lu\u00eds Viana e Vin\u00edcius Cogo (Artigo)<\/div>\n<div class=\"titulo\">SafeHelmOS: Towards a Decentralized Secure Cloud Marketplace<\/div>\n<div class=\"autores\">Andr\u00e9 Silva e Rolando Martins (Comunica\u00e7\u00e3o)<\/div>\n<\/div>\n<div class=\"sessao\">\n<h4 id=\"softpt2\">Sess\u00e3o SOFT-PT 2 &#8211; 05\/09\/2025 10:45<\/h4>\n<div class=\"tipo\"><span style=\"color:#9f1c33;font-weight:bold;\">Chair:<\/span> <span style=\"color:black;\">Jo\u00e3o Costa Seco<\/span><\/div>\n<div class=\"titulo\">WALTZ: Formalizing the Dance Between Actors and Messages<\/div>\n<div class=\"autores\">Vladyslav Mikytiv, Carla Ferreira e Bernardo Toninho (Artigo)<\/div>\n<div class=\"titulo\">NeoGoDDaR: Finding and Fixing Deadlocks in Go Code<\/div>\n<div class=\"autores\">Gustavo Feio, Jo\u00e3o M. Louren\u00e7o e Ant\u00f3nio Ravara (Artigo)<\/div>\n<div class=\"titulo\">Deadlock Freedom in FreeST<\/div>\n<div class=\"autores\">Lu\u00eds Santos, Andreia Mordido, Jorge A. P\u00e9rez e Vasco T. Vasconcelos (Artigo)<\/div>\n<div class=\"titulo\">Secure Communication in FreeST<\/div>\n<div class=\"autores\">Martim Baptista, Andreia Mordido e Vasco T. Vasconcelos (Artigo)<\/div>\n<div class=\"titulo\">Property-Based Testing of a Concurrent Lock-Free Data Structure<\/div>\n<div class=\"autores\">Paulo Sousa, Ricardo Rocha e Pedro Vasconcelos (Comunica\u00e7\u00e3o)<\/div>\n<\/div>\n<div class=\"sessao\">\n<h4 id=\"cpsapps\">Sess\u00e3o CPS&#038;Apps &#8211; 05\/09\/2025 10:45<\/h4>\n<div class=\"tipo\"><span style=\"color:#9f1c33;font-weight:bold;\">Chair:<\/span> <span style=\"color:black;\">Lu\u00eds Pinto<\/span><\/div>\n<div class=\"titulo\">Acesso Eficiente ao Meio em Redes Mesh via TDMA Auto-Sincronizado<\/div>\n<div class=\"autores\">Luis Ramos Pinto e David Pereira (Artigo)<\/div>\n<div class=\"titulo\">Algoritmo de Automa\u00e7\u00e3o de Ataques em Ambiente Ciberf\u00edsico Simulado<\/div>\n<div class=\"autores\">Diogo Pedro, Alan O. de S\u00e1, Jos\u00e9 Cec\u00edlio e Pedro M. Ferreira (Comunica\u00e7\u00e3o)<\/div>\n<div class=\"titulo\">A Low-Cost, Standalone Acoustic Monitoring System Using Machine Learning on Tiny Devices<\/div>\n<div class=\"autores\">Diogo Anjos, Duarte Gon\u00e7alves, Wellington Oliveira, Fernando Ascen\u00e7\u00e3o, Sara Silva e Jos\u00e9 Cec\u00edlio (Artigo)<\/div>\n<div class=\"titulo\">Migrating C to Rust: A case study on improving GLib memory safety<\/div>\n<div class=\"autores\">F\u00e1bio Silva, Tiago Carvalho e Luis Miguel Pinho (Comunica\u00e7\u00e3o)<\/div>\n<div class=\"titulo\">Performance Monitoring API for RISC-V Platforms<\/div>\n<div class=\"autores\">Nuno Soares, Tiago Carvalho e Luis Miguel Pinho (Comunica\u00e7\u00e3o)<\/div>\n<div class=\"titulo\">PulseCharge: Enabling Interoperability in EV Data<\/div>\n<div class=\"autores\">Ricardo Ven\u00e2ncio, Clarisse Sousa, Pedro Pires, Tiago Fonseca e Lu\u00eds Ferreira (Comunica\u00e7\u00e3o)<\/div>\n<\/div>\n\n\n\n\n<div class=\"sessao\">\n<h4 id=\"sscc2crc\">Sess\u00e3o SSCC 2 + CRC &#8211; 05\/09\/2025 16:00<\/h4>\n<div class=\"tipo\"><span style=\"color:#9f1c33;font-weight:bold;\">Chair:<\/span> <span style=\"color:black;\">V\u00edtor Cunha<\/span><\/div>\n<div class=\"titulo\">Enhancing Phishing Detection With LLMS: Content Evaluation<\/div>\n<div class=\"autores\">Diogo Dias, Jo\u00e3o Trindade, Rui Claro, Daniel Gon\u00e7alves e Jo\u00e3o M. Louren\u00e7o (Artigo)<\/div>\n<div class=\"titulo\">Observing the Edge: Host Behavior as a Foundation for Workflow Security<\/div>\n<div class=\"autores\">Sofia Vaz, Vitor A. Cunha e Rui L. Aguiar (Artigo)<\/div>\n<div class=\"titulo\">M\u00e9todo para Avalia\u00e7\u00e3o de Sistemas de Pontua\u00e7\u00e3o de Vulnerabilidades e Valida\u00e7\u00e3o de Estat\u00edsticas usadas por estes Sistemas<\/div>\n<div class=\"autores\">Jo\u00e3o Rolo, Alan Oliveira de S\u00e1 e Vin\u00edcius Vielmo Cogo (Comunica\u00e7\u00e3o)<\/div>\n<div class=\"titulo\">Improving Anonymization Models<\/div>\n<div class=\"autores\">F\u00e1bio Silva, Nuno Pregui\u00e7a e Kevin Gallagher (Comunica\u00e7\u00e3o)<\/div>\n<\/div>\n<div class=\"sessao\">\n<h4 id=\"bioinf\">Sess\u00e3o BioInf &#8211; 05\/09\/2025 16:00<\/h4>\n<div class=\"tipo\"><span style=\"color:#9f1c33;font-weight:bold;\">Chair:<\/span> <span style=\"color:black;\">Eug\u00e9nio Ribeiro<\/span><\/div>\n<div class=\"titulo\">Using One-Class Classification to Uncover Regulatory Networks<\/div>\n<div class=\"autores\">Maria G. Pereira, Emanuel Gon\u00e7alves e Pedro T. Monteiro (Comunica\u00e7\u00e3o)<\/div>\n<div class=\"titulo\">A Digital Platform for Paediatric Palliative Care<\/div>\n<div class=\"autores\">Alexandre Corte, Carolina Coelho, David R. Matos, Daniel V. Gon\u00e7alves, Pedro T. Monteiro, Maria Jo\u00e3o Palar\u00e9 e Helena Galhardas (Comunica\u00e7\u00e3o)<\/div>\n<div class=\"titulo\">Actionable Brain Maps of Transcriptional Regulation of Neurotransmission Activity from Postmortem Cohorts<\/div>\n<div class=\"autores\">Miguel M. Moreira, Guilherme Ramos e Rui Henriques (Artigo)<\/div>\n<\/div>\n\n\n\n<p><\/p>\n","protected":false},"excerpt":{"rendered":"<p>Programa Vers\u00f5es completas das publica\u00e7\u00f5es (requer palavra passe) Dia 04\/09 Hora Sala 1 Sala 2 Sala 3 11:00 Registo 12:00 Almo\u00e7o 13:20 Abertura 13:30 CPDLA 1 SOFT-PT 1 &#8211; 15:00 Coffee Break 15:15 INForum Keynote: Recent developments in LaTeX, Javier Bezos 16:30 IA SSCC 1 TUG-PT 20:30 Jantar Sala 1: Pal\u00e1cio de Dom ManuelSala 2: &hellip; <\/p>\n","protected":false},"author":6,"featured_media":0,"parent":0,"menu_order":0,"comment_status":"closed","ping_status":"closed","template":"","meta":{"footnotes":"[]"},"class_list":["post-2677","page","type-page","status-publish","hentry"],"rttpg_featured_image_url":null,"rttpg_author":{"display_name":"Jo\u00e3o Cardoso","author_link":"https:\/\/inforum2025.xdi.uevora.pt\/index.php\/author\/joao-pedro-cardoso\/"},"rttpg_comment":0,"rttpg_category":null,"rttpg_excerpt":"Programa Vers\u00f5es completas das publica\u00e7\u00f5es (requer palavra passe) Dia 04\/09 Hora Sala 1 Sala 2 Sala 3 11:00 Registo 12:00 Almo\u00e7o 13:20 Abertura 13:30 CPDLA 1 SOFT-PT 1 &#8211; 15:00 Coffee Break 15:15 INForum Keynote: Recent developments in LaTeX, Javier Bezos 16:30 IA SSCC 1 TUG-PT 20:30 Jantar Sala 1: Pal\u00e1cio de Dom ManuelSala 2:&hellip;","_links":{"self":[{"href":"https:\/\/inforum2025.xdi.uevora.pt\/index.php\/wp-json\/wp\/v2\/pages\/2677","targetHints":{"allow":["GET"]}}],"collection":[{"href":"https:\/\/inforum2025.xdi.uevora.pt\/index.php\/wp-json\/wp\/v2\/pages"}],"about":[{"href":"https:\/\/inforum2025.xdi.uevora.pt\/index.php\/wp-json\/wp\/v2\/types\/page"}],"author":[{"embeddable":true,"href":"https:\/\/inforum2025.xdi.uevora.pt\/index.php\/wp-json\/wp\/v2\/users\/6"}],"replies":[{"embeddable":true,"href":"https:\/\/inforum2025.xdi.uevora.pt\/index.php\/wp-json\/wp\/v2\/comments?post=2677"}],"version-history":[{"count":54,"href":"https:\/\/inforum2025.xdi.uevora.pt\/index.php\/wp-json\/wp\/v2\/pages\/2677\/revisions"}],"predecessor-version":[{"id":2859,"href":"https:\/\/inforum2025.xdi.uevora.pt\/index.php\/wp-json\/wp\/v2\/pages\/2677\/revisions\/2859"}],"wp:attachment":[{"href":"https:\/\/inforum2025.xdi.uevora.pt\/index.php\/wp-json\/wp\/v2\/media?parent=2677"}],"curies":[{"name":"wp","href":"https:\/\/api.w.org\/{rel}","templated":true}]}}