{"id":2497,"date":"2025-06-25T16:49:30","date_gmt":"2025-06-25T16:49:30","guid":{"rendered":"https:\/\/inforum2025.xdi.uevora.pt\/?page_id=2497"},"modified":"2025-07-18T15:23:13","modified_gmt":"2025-07-18T15:23:13","slug":"inscricao","status":"publish","type":"page","link":"https:\/\/inforum2025.xdi.uevora.pt\/index.php\/inscricao\/","title":{"rendered":"Inscri\u00e7\u00e3o"},"content":{"rendered":"\n<h2 class=\"wp-block-heading has-text-align-left\">Inscri\u00e7\u00e3o<\/h2>\n\n\n\n<p>A inscri\u00e7\u00e3o no INForum 2025 deve ser realizada atrav\u00e9s da plataforma de gest\u00e3o de eventos da Universidade de \u00c9vora. O pagamento pode ser efetuado por transfer\u00eancia banc\u00e1ria ou via PayPal. O processo envolve os seguintes passos:<\/p>\n\n\n\n<ol class=\"wp-block-list\">\n<li>Deve registar-se em <a href=\"https:\/\/sge.uevora.pt\/users\/register\"><mark style=\"background-color:rgba(0, 0, 0, 0);color:#9f1c33\" class=\"has-inline-color\">https:\/\/sge.uevora.pt\/users\/register<\/mark><\/a>, sendo necess\u00e1rio confirmar o registo atrav\u00e9s do link enviado por e-mail;<\/li>\n\n\n\n<li>Ap\u00f3s o registo, \u00e9 necess\u00e1rio aceder a <a href=\"https:\/\/sge.uevora.pt\"><mark style=\"background-color:rgba(0, 0, 0, 0);color:#9f1c33\" class=\"has-inline-color\">https:\/\/sge.uevora.pt<\/mark><\/a>, iniciar sess\u00e3o e selecionar o evento \u201cINForum 2025\u201d;<\/li>\n\n\n\n<li>No lado direito da p\u00e1gina, encontra-se a op\u00e7\u00e3o \u201cInscrever\u201d, seguida de \u201cConfirmar inscri\u00e7\u00e3o\u201d;<\/li>\n\n\n\n<li>Depois de confirmar a inscri\u00e7\u00e3o, s\u00e3o apresentadas as taxas aplic\u00e1veis;<\/li>\n\n\n\n<li>Ap\u00f3s o pagamento, deve ser utilizada a op\u00e7\u00e3o \u201cConfirmar pagamento\u201d para submeter o comprovativo (este passo n\u00e3o \u00e9 necess\u00e1rio se o pagamento for feito por PayPal, uma vez que a valida\u00e7\u00e3o da inscri\u00e7\u00e3o \u00e9 autom\u00e1tica).<\/li>\n<\/ol>\n\n\n\n<p><\/p>\n\n\n\n<p><strong><strong><mark style=\"background-color:rgba(0, 0, 0, 0);color:#9f1c33\" class=\"has-inline-color\">Nota:<\/mark><\/strong> <\/strong>Submiss\u00f5es aceites t\u00eam de ter pelo menos uma inscri\u00e7\u00e3o associada (uma inscri\u00e7\u00e3o apenas pode estar associada a um submiss\u00e3o).<\/p>\n\n\n\n<h2 class=\"wp-block-heading\">Taxa de Inscri\u00e7\u00e3o na Confer\u00eancia<\/h2>\n\n\n\n<figure class=\"wp-block-table is-style-regular table-style-conf table-highlight\"><table class=\"has-fixed-layout\"><thead><tr><th class=\"has-text-align-left\" data-align=\"left\">Datas<\/th><th class=\"has-text-align-center\" data-align=\"center\">Estudante<\/th><th class=\"has-text-align-center\" data-align=\"center\">N\u00e3o estudante<\/th><\/tr><\/thead><tbody><tr><td class=\"has-text-align-left\" data-align=\"left\">Inscri\u00e7\u00e3o atempada (at\u00e9 01\/08)<\/td><td class=\"has-text-align-center\" data-align=\"center\">100 \u20ac<\/td><td class=\"has-text-align-center\" data-align=\"center\">200 \u20ac<\/td><\/tr><tr><td class=\"has-text-align-left\" data-align=\"left\">Inscri\u00e7\u00e3o tardia (at\u00e9 01\/09)<\/td><td class=\"has-text-align-center\" data-align=\"center\">150 \u20ac<\/td><td class=\"has-text-align-center\" data-align=\"center\">250 \u20ac<\/td><\/tr><tr><td class=\"has-text-align-left\" data-align=\"left\">Inscri\u00e7\u00e3o durante a confer\u00eancia<\/td><td class=\"has-text-align-center\" data-align=\"center\">200 \u20ac<\/td><td class=\"has-text-align-center\" data-align=\"center\">300 \u20ac<\/td><\/tr><tr><td class=\"has-text-align-left\" data-align=\"left\">Participa\u00e7\u00e3o no TUG-PT (encontro do grupo de utilizadores LaTeX Portugal)<\/td><td class=\"has-text-align-center\" data-align=\"center\">&#8211;<\/td><td class=\"has-text-align-center\" data-align=\"center\">&#8211;<\/td><\/tr><\/tbody><\/table><\/figure>\n\n\n\n<p><strong><mark style=\"background-color:rgba(0, 0, 0, 0);color:#9f1c33\" class=\"has-inline-color\">Nota:<\/mark> <\/strong>A inscri\u00e7\u00e3o na confer\u00eancia <strong>inclui <\/strong><strong>coffee breaks<\/strong>, <strong>almo\u00e7os <\/strong>e o <strong>jantar da confer\u00eancia<\/strong>. A inscri\u00e7\u00e3o no encontro TUG-PT \u00e9 gratuita, mas, neste caso, ser\u00e1 necess\u00e1rio o pagamento de <strong>55\u20ac<\/strong> para participar no jantar da confer\u00eancia. O mesmo valor aplica-se a <strong>jantares extra<\/strong>.<\/p>\n\n\n\n<p><\/p>\n","protected":false},"excerpt":{"rendered":"<p>Inscri\u00e7\u00e3o A inscri\u00e7\u00e3o no INForum 2025 deve ser realizada atrav\u00e9s da plataforma de gest\u00e3o de eventos da Universidade de \u00c9vora. O pagamento pode ser efetuado por transfer\u00eancia banc\u00e1ria ou via PayPal. O processo envolve os seguintes passos: Nota: Submiss\u00f5es aceites t\u00eam de ter pelo menos uma inscri\u00e7\u00e3o associada (uma inscri\u00e7\u00e3o apenas pode estar associada a &hellip; <\/p>\n","protected":false},"author":6,"featured_media":0,"parent":0,"menu_order":0,"comment_status":"closed","ping_status":"closed","template":"","meta":{"footnotes":""},"class_list":["post-2497","page","type-page","status-publish","hentry"],"rttpg_featured_image_url":null,"rttpg_author":{"display_name":"Jo\u00e3o Cardoso","author_link":"https:\/\/inforum2025.xdi.uevora.pt\/index.php\/author\/joao-pedro-cardoso\/"},"rttpg_comment":0,"rttpg_category":null,"rttpg_excerpt":"Inscri\u00e7\u00e3o A inscri\u00e7\u00e3o no INForum 2025 deve ser realizada atrav\u00e9s da plataforma de gest\u00e3o de eventos da Universidade de \u00c9vora. O pagamento pode ser efetuado por transfer\u00eancia banc\u00e1ria ou via PayPal. O processo envolve os seguintes passos: Nota: Submiss\u00f5es aceites t\u00eam de ter pelo menos uma inscri\u00e7\u00e3o associada (uma inscri\u00e7\u00e3o apenas pode estar associada a&hellip;","_links":{"self":[{"href":"https:\/\/inforum2025.xdi.uevora.pt\/index.php\/wp-json\/wp\/v2\/pages\/2497","targetHints":{"allow":["GET"]}}],"collection":[{"href":"https:\/\/inforum2025.xdi.uevora.pt\/index.php\/wp-json\/wp\/v2\/pages"}],"about":[{"href":"https:\/\/inforum2025.xdi.uevora.pt\/index.php\/wp-json\/wp\/v2\/types\/page"}],"author":[{"embeddable":true,"href":"https:\/\/inforum2025.xdi.uevora.pt\/index.php\/wp-json\/wp\/v2\/users\/6"}],"replies":[{"embeddable":true,"href":"https:\/\/inforum2025.xdi.uevora.pt\/index.php\/wp-json\/wp\/v2\/comments?post=2497"}],"version-history":[{"count":16,"href":"https:\/\/inforum2025.xdi.uevora.pt\/index.php\/wp-json\/wp\/v2\/pages\/2497\/revisions"}],"predecessor-version":[{"id":2625,"href":"https:\/\/inforum2025.xdi.uevora.pt\/index.php\/wp-json\/wp\/v2\/pages\/2497\/revisions\/2625"}],"wp:attachment":[{"href":"https:\/\/inforum2025.xdi.uevora.pt\/index.php\/wp-json\/wp\/v2\/media?parent=2497"}],"curies":[{"name":"wp","href":"https:\/\/api.w.org\/{rel}","templated":true}]}}