{"id":2346,"date":"2025-05-16T14:10:18","date_gmt":"2025-05-16T14:10:18","guid":{"rendered":"https:\/\/inforum2025.xdi.uevora.pt\/?page_id=2346"},"modified":"2025-07-20T10:33:23","modified_gmt":"2025-07-20T10:33:23","slug":"portuguese-tex-users-group","status":"publish","type":"page","link":"https:\/\/inforum2025.xdi.uevora.pt\/index.php\/portuguese-tex-users-group\/","title":{"rendered":"Grupo de Utilizadores TeX Portugal"},"content":{"rendered":"\n<p>LaTeX \u00e9 um sistema de prepara\u00e7\u00e3o de documentos amplamente utilizado pela comunidade cient\u00edfica. Desenvolvido por Leslie Lamport como um conjunto de macros baseadas no TeX de Donald Knuth, o LaTeX \u00e9 uma linguagem estilo \u201cmarkup,\u201d que permite um controlo preciso sobre a estrutura e a formata\u00e7\u00e3o dos documentos, especialmente no que diz respeito a elementos complexos como equa\u00e7\u00f5es matem\u00e1ticas, tabelas e bibliografias. A sua depend\u00eancia de c\u00f3digo-fonte em formato texto em vez de interfaces gr\u00e1ficas garante a reprodutibilidade e a consist\u00eancia a longo prazo, tornando-o particularmente adequado para contextos acad\u00e9micos.<\/p>\n\n\n\n<p>A comunidade cient\u00edfica adotou o LaTeX devido ao seu tratamento superior da nota\u00e7\u00e3o matem\u00e1tica, \u00e0 gest\u00e3o de cita\u00e7\u00f5es, ao suporte para documentos estruturados e \u00e0 produ\u00e7\u00e3o de ficheiros PDF com formata\u00e7\u00e3o profissional. Atrav\u00e9s da f\u00e1cil utiliza\u00e7\u00e3o de \u201ctemplates\u201d, o LaTeX responde aos crit\u00e9rios de formata\u00e7\u00e3o exigidos por muitas universidades em todo o mundo, incluindo diversas institui\u00e7\u00f5es portuguesas, para teses de mestrado e de doutoramento.<\/p>\n\n\n\n<p>A partilha de conhecimento e de boas pr\u00e1ticas no uso do LaTeX, incluindo a resolu\u00e7\u00e3o de problemas t\u00e9cnicos e o desenvolvimento de pacotes espec\u00edficos para diferentes \u00e1reas cient\u00edficas, permite suavizar a curva de aprendizagem para iniciantes, reduzir barreiras \u00e0 sua ado\u00e7\u00e3o e melhorar a efici\u00eancia e a qualidade da escrita acad\u00e9mica, em particular para documentos de complexidade elevada, como s\u00e3o as teses de mestrado e de doutoramento.<\/p>\n\n\n\n<p>Convidamos a comunidade cient\u00edfica portuguesa a participar no encontro do TUG-PT (TeX Users Group Portugal), que ter\u00e1 lugar no \u00e2mbito do INForum 2025. Este evento constitui uma oportunidade valiosa para discutir avan\u00e7os no uso do LaTeX, partilhar experi\u00eancias pr\u00e1ticas e explorar solu\u00e7\u00f5es adaptadas para os desafios comuns na prepara\u00e7\u00e3o de documentos cient\u00edficos. Investigadores, docentes, estudantes e profissionais com interesse em tipografia acad\u00e9mica e comunica\u00e7\u00e3o cient\u00edfica encontrar\u00e3o aqui um ambiente colaborativo e enriquecedor, contribuindo ativamente para o crescimento da comunidade LaTeX em Portugal.<\/p>\n\n\n\n<h2 class=\"wp-block-heading\"><strong>Comiss\u00e3o de Programa<\/strong><\/h2>\n\n\n\n<ul class=\"wp-block-list\">\n<li>Jo\u00e3o M. Louren\u00e7o (FCT.UNL \/ NOVA-LINCS) <\/li>\n\n\n\n<li>Joaquim Baptista (Contractor at Millennium bcp) <\/li>\n<\/ul>\n","protected":false},"excerpt":{"rendered":"<p>LaTeX \u00e9 um sistema de prepara\u00e7\u00e3o de documentos amplamente utilizado pela comunidade cient\u00edfica. Desenvolvido por Leslie Lamport como um conjunto de macros baseadas no TeX de Donald Knuth, o LaTeX \u00e9 uma linguagem estilo \u201cmarkup,\u201d que permite um controlo preciso sobre a estrutura e a formata\u00e7\u00e3o dos documentos, especialmente no que diz respeito a elementos &hellip; <\/p>\n","protected":false},"author":1,"featured_media":0,"parent":0,"menu_order":0,"comment_status":"closed","ping_status":"closed","template":"","meta":{"footnotes":""},"class_list":["post-2346","page","type-page","status-publish","hentry"],"rttpg_featured_image_url":null,"rttpg_author":{"display_name":"pds","author_link":"https:\/\/inforum2025.xdi.uevora.pt\/index.php\/author\/pds\/"},"rttpg_comment":0,"rttpg_category":null,"rttpg_excerpt":"LaTeX \u00e9 um sistema de prepara\u00e7\u00e3o de documentos amplamente utilizado pela comunidade cient\u00edfica. Desenvolvido por Leslie Lamport como um conjunto de macros baseadas no TeX de Donald Knuth, o LaTeX \u00e9 uma linguagem estilo \u201cmarkup,\u201d que permite um controlo preciso sobre a estrutura e a formata\u00e7\u00e3o dos documentos, especialmente no que diz respeito a elementos&hellip;","_links":{"self":[{"href":"https:\/\/inforum2025.xdi.uevora.pt\/index.php\/wp-json\/wp\/v2\/pages\/2346","targetHints":{"allow":["GET"]}}],"collection":[{"href":"https:\/\/inforum2025.xdi.uevora.pt\/index.php\/wp-json\/wp\/v2\/pages"}],"about":[{"href":"https:\/\/inforum2025.xdi.uevora.pt\/index.php\/wp-json\/wp\/v2\/types\/page"}],"author":[{"embeddable":true,"href":"https:\/\/inforum2025.xdi.uevora.pt\/index.php\/wp-json\/wp\/v2\/users\/1"}],"replies":[{"embeddable":true,"href":"https:\/\/inforum2025.xdi.uevora.pt\/index.php\/wp-json\/wp\/v2\/comments?post=2346"}],"version-history":[{"count":9,"href":"https:\/\/inforum2025.xdi.uevora.pt\/index.php\/wp-json\/wp\/v2\/pages\/2346\/revisions"}],"predecessor-version":[{"id":2646,"href":"https:\/\/inforum2025.xdi.uevora.pt\/index.php\/wp-json\/wp\/v2\/pages\/2346\/revisions\/2646"}],"wp:attachment":[{"href":"https:\/\/inforum2025.xdi.uevora.pt\/index.php\/wp-json\/wp\/v2\/media?parent=2346"}],"curies":[{"name":"wp","href":"https:\/\/api.w.org\/{rel}","templated":true}]}}