{"id":2303,"date":"2025-05-13T19:48:28","date_gmt":"2025-05-13T19:48:28","guid":{"rendered":"https:\/\/inforum2025.xdi.uevora.pt\/?page_id=2303"},"modified":"2025-05-21T08:55:20","modified_gmt":"2025-05-21T08:55:20","slug":"comunicacoes-e-redes-de-computadores-crc","status":"publish","type":"page","link":"https:\/\/inforum2025.xdi.uevora.pt\/index.php\/comunicacoes-e-redes-de-computadores-crc\/","title":{"rendered":"Comunica\u00e7\u00f5es e Redes de Computadores (CRC)"},"content":{"rendered":"\n<p>O atual panorama das redes de comunica\u00e7\u00f5es e de computadores encontra-se numa fase muito rica e prol\u00edfera. Do ponto de vista das telecomunica\u00e7\u00f5es, o 5G encontra-se em funcionamento em in\u00fameras partes do globo, suscitando o interesse n\u00e3o s\u00f3 pelos atuais clientes (em busca de inova\u00e7\u00f5es e melhor desempenho), mas tamb\u00e9m atraindo novos clientes, nomeadamente as verticais. Fomentando os aspetos da Ind\u00fastria 4.0, o 5G introduziu aspetos de integra\u00e7\u00e3o de mecanismos computacionais (comummente observados nas infraestruturas de computa\u00e7\u00e3o em nuvem), conferindo a realiza\u00e7\u00e3o de procedimentos de controlo e opera\u00e7\u00e3o de rede muito mais din\u00e2micos e flex\u00edveis. Fica assim \u00e0 disposi\u00e7\u00e3o destas ind\u00fastrias uma rede verdadeiramente configur\u00e1vel e adapt\u00e1vel \u00e0s suas condi\u00e7\u00f5es particulares, deixando de tecnologias e arquiteturas dedicadas e fechadas, fomentando a competitividade e melhorando os produtos.<\/p>\n\n\n\n<p>Adicionalmente, a integra\u00e7\u00e3o de mecanismos de computa\u00e7\u00e3o conferiu tamb\u00e9m a possibilidade de redesenhar alguns processos de fornecimento de comunica\u00e7\u00f5es, desde as redes de acesso \u00e0 rede \u201ccore\u201d, virtualizando esses aspetos. Surgem assim iniciativas como o O-RAN, Open RAN, entre outras. Por outro lado, observa-se tamb\u00e9m a introdu\u00e7\u00e3o de mecanismos de aprendizagem autom\u00e1tica e intelig\u00eancia artificial, com vista \u00e0 automatiza\u00e7\u00e3o e previs\u00e3o de processos de rede.<\/p>\n\n\n\n<p>Por fim, esta vitalidade fomenta o interesse por capacita\u00e7\u00e3o tecnol\u00f3gica em diversos setores, promovendo a inova\u00e7\u00e3o em muitas outras \u00e1reas das comunica\u00e7\u00f5es, indo desde as redes submarinas, veiculares, sensores, entre muitas outras.<\/p>\n\n\n\n<p>A track de \u201cComunica\u00e7\u00f5es e Redes de Computadores\u201d pretende ent\u00e3o capturar evid\u00eancias, inova\u00e7\u00f5es, trabalhos aplicados, trabalhos em desenvolvimento, modelos, entre outras manifesta\u00e7\u00f5es destas iniciativas, com vista \u00e0 dissemina\u00e7\u00e3o das novas tecnologias de comunica\u00e7\u00e3o e redes.<\/p>\n\n\n\n<h2 class=\"wp-block-heading\"><strong>T\u00f3picos de Interesse<\/strong><\/h2>\n\n\n\n<ul class=\"wp-block-list\">\n<li>Avan\u00e7os sobre redes de acesso m\u00f3veis, sem-fios, \u00f3ticas e infraestrutura<\/li>\n\n\n\n<li>Redes Auton\u00f3micas e de autoaprendizagem<\/li>\n\n\n\n<li>Novas arquiteturas e paradigmas de comunica\u00e7\u00f5es e redes de computadores<\/li>\n\n\n\n<li>Redes e Fun\u00e7\u00f5es de Rede virtualizadas<\/li>\n\n\n\n<li>Ambientes cloud no suporte das comunica\u00e7\u00f5es e redes<\/li>\n\n\n\n<li>Comunica\u00e7\u00f5es Veiculares Terrestres e a\u00e9reas<\/li>\n\n\n\n<li>Mobile Edge Computing<\/li>\n\n\n\n<li>Comunica\u00e7\u00f5es em Internet of Things<\/li>\n\n\n\n<li>Comunica\u00e7\u00f5es em ambientes DevOps<\/li>\n\n\n\n<li>Solu\u00e7\u00f5es para comunica\u00e7\u00f5es em larga escala<\/li>\n\n\n\n<li>Integra\u00e7\u00e3o de novas tecnologias de comunica\u00e7\u00f5es em ambientes de legado<\/li>\n\n\n\n<li>Protocolos de Comunica\u00e7\u00e3o e de Redes<\/li>\n\n\n\n<li>Redes de teste, demonstradores e pilotos inovadores de comunica\u00e7\u00f5es<\/li>\n\n\n\n<li>Avalia\u00e7\u00e3o de desempenho de novas arquiteturas e protocolos<\/li>\n\n\n\n<li>Novos mecanismos para resili\u00eancia, fiabilidade, robustez<\/li>\n\n\n\n<li>Comunica\u00e7\u00f5es em sistemas de Tempo Real<\/li>\n\n\n\n<li>Redes de sensores sem fios, em malha, ad-hoc e veiculares<\/li>\n\n\n\n<li>Redes centradas na informa\u00e7\u00e3o<\/li>\n\n\n\n<li>Efici\u00eancia energ\u00e9tica em sistemas de comunica\u00e7\u00e3o sem fios m\u00f3veis<\/li>\n\n\n\n<li>Redes sociais m\u00f3veis<\/li>\n\n\n\n<li>Gest\u00e3o de sistemas de comunica\u00e7\u00e3o, servi\u00e7os e aplica\u00e7\u00f5es<\/li>\n\n\n\n<li>Redes definidas por software<\/li>\n\n\n\n<li>Redes tolerantes a atraso<\/li>\n\n\n\n<li>Sistemas de comunica\u00e7\u00e3o em cidades inteligentes<\/li>\n\n\n\n<li>Comunica\u00e7\u00f5es m\u00e1quina-a-m\u00e1quina<\/li>\n\n\n\n<li>Seguran\u00e7a e privacidade em sistemas de comunica\u00e7\u00e3o m\u00f3veis e cloud<\/li>\n\n\n\n<li>Comunica\u00e7\u00f5es em cen\u00e1rios para assist\u00eancia, aux\u00edlio e suporte de cen\u00e1rios sociais, industriais e l\u00fadicos<\/li>\n<\/ul>\n\n\n\n<h2 class=\"wp-block-heading\">Comiss\u00e3o T\u00e9cnica<\/h2>\n\n\n\n<ul class=\"wp-block-list\">\n<li>V\u00edtor Cunha (Universidade de Aveiro) \u2014\u00a0<strong>Chair<\/strong><\/li>\n\n\n\n<li>Daniel Corujo (Universidade de Aveiro) \u2014\u00a0<strong>Chair<\/strong><\/li>\n\n\n\n<li>Amaro Sousa (Universidade de Aveiro)<\/li>\n\n\n\n<li>Augusto Casaca (Instituto Superior T\u00e9cnico)<\/li>\n\n\n\n<li>Jorge S\u00e1 Silva (Universidade de Coimbra \/ TBC)<\/li>\n\n\n\n<li>Leonel Santos (Instituto Polit\u00e9cnico de Leiria)<\/li>\n\n\n\n<li>No\u00e9lia Correia (Universidade do Algarve)<\/li>\n\n\n\n<li>Pedro Sousa (Universidade do Minho)<\/li>\n\n\n\n<li>Rui Campos (Faculdade de Engenharia da Universidade do Porto \/ INESC TEC)<\/li>\n\n\n\n<li>S\u00e9rgio Cris\u00f3stomo (Faculdade de Ci\u00eancias da Universidade do Porto)<\/li>\n\n\n\n<li>Solange Rito Lima (Universidade do Minho)<\/li>\n\n\n\n<li>Vasco Pereira (Universidade de Coimbra)<\/li>\n<\/ul>\n","protected":false},"excerpt":{"rendered":"<p>O atual panorama das redes de comunica\u00e7\u00f5es e de computadores encontra-se numa fase muito rica e prol\u00edfera. Do ponto de vista das telecomunica\u00e7\u00f5es, o 5G encontra-se em funcionamento em in\u00fameras partes do globo, suscitando o interesse n\u00e3o s\u00f3 pelos atuais clientes (em busca de inova\u00e7\u00f5es e melhor desempenho), mas tamb\u00e9m atraindo novos clientes, nomeadamente as &hellip; <\/p>\n","protected":false},"author":6,"featured_media":0,"parent":0,"menu_order":0,"comment_status":"closed","ping_status":"closed","template":"","meta":{"footnotes":""},"class_list":["post-2303","page","type-page","status-publish","hentry"],"rttpg_featured_image_url":null,"rttpg_author":{"display_name":"Jo\u00e3o Cardoso","author_link":"https:\/\/inforum2025.xdi.uevora.pt\/index.php\/author\/joao-pedro-cardoso\/"},"rttpg_comment":0,"rttpg_category":null,"rttpg_excerpt":"O atual panorama das redes de comunica\u00e7\u00f5es e de computadores encontra-se numa fase muito rica e prol\u00edfera. Do ponto de vista das telecomunica\u00e7\u00f5es, o 5G encontra-se em funcionamento em in\u00fameras partes do globo, suscitando o interesse n\u00e3o s\u00f3 pelos atuais clientes (em busca de inova\u00e7\u00f5es e melhor desempenho), mas tamb\u00e9m atraindo novos clientes, nomeadamente as&hellip;","_links":{"self":[{"href":"https:\/\/inforum2025.xdi.uevora.pt\/index.php\/wp-json\/wp\/v2\/pages\/2303","targetHints":{"allow":["GET"]}}],"collection":[{"href":"https:\/\/inforum2025.xdi.uevora.pt\/index.php\/wp-json\/wp\/v2\/pages"}],"about":[{"href":"https:\/\/inforum2025.xdi.uevora.pt\/index.php\/wp-json\/wp\/v2\/types\/page"}],"author":[{"embeddable":true,"href":"https:\/\/inforum2025.xdi.uevora.pt\/index.php\/wp-json\/wp\/v2\/users\/6"}],"replies":[{"embeddable":true,"href":"https:\/\/inforum2025.xdi.uevora.pt\/index.php\/wp-json\/wp\/v2\/comments?post=2303"}],"version-history":[{"count":10,"href":"https:\/\/inforum2025.xdi.uevora.pt\/index.php\/wp-json\/wp\/v2\/pages\/2303\/revisions"}],"predecessor-version":[{"id":2389,"href":"https:\/\/inforum2025.xdi.uevora.pt\/index.php\/wp-json\/wp\/v2\/pages\/2303\/revisions\/2389"}],"wp:attachment":[{"href":"https:\/\/inforum2025.xdi.uevora.pt\/index.php\/wp-json\/wp\/v2\/media?parent=2303"}],"curies":[{"name":"wp","href":"https:\/\/api.w.org\/{rel}","templated":true}]}}