{"id":2299,"date":"2025-05-13T19:43:35","date_gmt":"2025-05-13T19:43:35","guid":{"rendered":"https:\/\/inforum2025.xdi.uevora.pt\/?page_id=2299"},"modified":"2025-06-09T14:04:42","modified_gmt":"2025-06-09T14:04:42","slug":"computacao-paralela-distribuida-e-de-larga-escala-cpdla","status":"publish","type":"page","link":"https:\/\/inforum2025.xdi.uevora.pt\/index.php\/computacao-paralela-distribuida-e-de-larga-escala-cpdla\/","title":{"rendered":"Computa\u00e7\u00e3o Paralela, Distribu\u00edda e de Larga Escala (CPDLA)"},"content":{"rendered":"\n<p>As comunidades industrial e acad\u00e9mica t\u00eam mostrado um interesse crescente em maximizar e otimizar a utiliza\u00e7\u00e3o dos recursos computacionais atrav\u00e9s do desenvolvimento e utiliza\u00e7\u00e3o de sistemas paralelos, distribu\u00eddos e de larga escala. Assim, a motiva\u00e7\u00e3o para uma sess\u00e3o na \u00e1rea da Computa\u00e7\u00e3o Paralela, Distribu\u00edda e de Larga Escala (CPDLA) adv\u00e9m naturalmente da import\u00e2ncia crescente que esta \u00e1rea assume nos v\u00e1rios setores da sociedade.<\/p>\n\n\n\n<p>A computa\u00e7\u00e3o paralela e os sistemas distribu\u00eddos s\u00e3o \u00e1reas cl\u00e1ssicas da Inform\u00e1tica, contando com d\u00e9cadas de eventos e de publica\u00e7\u00f5es cient\u00edficas. Esta \u00e1rea envolve um conjunto relevante e alargado de temas, como o uso de processadores gr\u00e1ficos para computa\u00e7\u00e3o geral; os sistemas de bases de dados de elevado desempenho; os sistemas distribu\u00eddos de grande escala suportados por diferentes tipos de nuvens computacionais, proporcionando sinergias e colabora\u00e7\u00f5es entre a comunidade cient\u00edfica e a ind\u00fastria nacional e internacional. O estudo destes temas \u00e9 apoiado e patrocinado por entidades internacionais como a ACM, IEEE, USENIX e IFIP.<\/p>\n\n\n\n<p>Esta sess\u00e3o de CPDLA pretende reunir num mesmo f\u00f3rum de discuss\u00e3o todos aqueles que em Portugal desenvolvem trabalho nesta \u00e1rea, seja este de \u00edndole cient\u00edfica, t\u00e9cnica, ou de transfer\u00eancia de tecnologia proveniente tanto da comunidade acad\u00e9mica como do tecido empresarial. Procuramos a submiss\u00e3o de artigos (em portugu\u00eas ou ingl\u00eas) na \u00e1rea da Computa\u00e7\u00e3o Paralela, Distribu\u00edda e de Larga Escala no seu sentido lato, sendo ilustrada, de forma n\u00e3o exaustiva, pela lista de t\u00f3picos de interesse desta sess\u00e3o.<\/p>\n\n\n\n<h2 class=\"wp-block-heading\">T\u00f3picos de Interesse<\/h2>\n\n\n\n<ul class=\"wp-block-list\">\n<li>Sistemas Entre-Pares e Computa\u00e7\u00e3o na Periferia da Rede<\/li>\n\n\n\n<li>Arquiteturas, Middleware, Runtimes e Aplica\u00e7\u00f5es de Alto Desempenho<\/li>\n\n\n\n<li>Sistemas Robustos, Replicados e Geo-Distribu\u00eddos<\/li>\n\n\n\n<li>Computa\u00e7\u00e3o Escal\u00e1vel e de Alto Desempenho<\/li>\n\n\n\n<li>Grid, Utility e Cloud Computing<\/li>\n\n\n\n<li>Computa\u00e7\u00e3o Auton\u00f3mica<\/li>\n\n\n\n<li>Computa\u00e7\u00e3o Paralela com Aceleradores (GPGPU, FPGA)<\/li>\n\n\n\n<li>Aplica\u00e7\u00f5es de Grande Escala e Big Data<\/li>\n\n\n\n<li>Suporte e Gest\u00e3o de Hardware Inovador (e.g., Mem\u00f3rias Persistentes, Processor in Memory, HTM)<\/li>\n\n\n\n<li>Seguran\u00e7a e Privacidade<\/li>\n<\/ul>\n\n\n\n<h2 class=\"wp-block-heading\">Comiss\u00e3o T\u00e9cnica<\/h2>\n\n\n\n<ul class=\"wp-block-list\">\n<li>Jo\u00e3o M. Louren\u00e7o (FCT.UNL \/ NOVA-LINCS) \u2014&nbsp;<strong>Chair<\/strong><\/li>\n\n\n\n<li>Lu\u00eds Veiga (IST.UL \/ INESC-ID Lisboa) \u2014&nbsp;<strong>Chair<\/strong><\/li>\n\n\n\n<li>Alysson Bessani (FC.UL \/ LASIGE)<\/li>\n\n\n\n<li>David Perez Abreu (U.Coimbra)<\/li>\n\n\n\n<li>Fernando Ramos (IST.UL)<\/li>\n\n\n\n<li>Herv\u00e9 Paulino (FCT.UNL \/ NOVA-LINCS)<\/li>\n\n\n\n<li>Hugo Miranda (FC.UL \/ LASIGE)<\/li>\n\n\n\n<li>Jo\u00e3o Leit\u00e3o (FCT.UNL \/ NOVA-LINCS)<\/li>\n\n\n\n<li>Jo\u00e3o Paulo Barraca (U.Aveiro \/ Instituto de Telecomunica\u00e7\u00f5es)<\/li>\n\n\n\n<li>Jos\u00e9 Sim\u00e3o (ISEL.IPL \/ INESC-ID Lisboa)<\/li>\n\n\n\n<li>Luis Rodrigues (IST.UL \/ INESC-ID Lisboa)<\/li>\n\n\n\n<li>Miguel Matos (IST.UL \/ INESC-ID Lisboa)<\/li>\n\n\n\n<li>Noelia Correia (U.Algarve)<\/li>\n\n\n\n<li>Nuno Neves (FC.UL \/ LASIGE)<\/li>\n\n\n\n<li>Paula Prata (UBI \/ Instituto de Telecomunica\u00e7\u00f5es)<\/li>\n\n\n\n<li>Rolando Martins (FC.UP)<\/li>\n\n\n\n<li>Rui Claro (Layer8 &#8211; Shield Domain SA)<\/li>\n\n\n\n<li>Salvador Abreu (U.\u00c9vora \/ LISP, CRI)<\/li>\n\n\n\n<li>Vinicius V. Cogo (FC.UL \/ LASIGE)<\/li>\n<\/ul>\n","protected":false},"excerpt":{"rendered":"<p>As comunidades industrial e acad\u00e9mica t\u00eam mostrado um interesse crescente em maximizar e otimizar a utiliza\u00e7\u00e3o dos recursos computacionais atrav\u00e9s do desenvolvimento e utiliza\u00e7\u00e3o de sistemas paralelos, distribu\u00eddos e de larga escala. Assim, a motiva\u00e7\u00e3o para uma sess\u00e3o na \u00e1rea da Computa\u00e7\u00e3o Paralela, Distribu\u00edda e de Larga Escala (CPDLA) adv\u00e9m naturalmente da import\u00e2ncia crescente que &hellip; <\/p>\n","protected":false},"author":6,"featured_media":0,"parent":0,"menu_order":0,"comment_status":"closed","ping_status":"closed","template":"","meta":{"footnotes":""},"class_list":["post-2299","page","type-page","status-publish","hentry"],"rttpg_featured_image_url":null,"rttpg_author":{"display_name":"Jo\u00e3o Cardoso","author_link":"https:\/\/inforum2025.xdi.uevora.pt\/index.php\/author\/joao-pedro-cardoso\/"},"rttpg_comment":0,"rttpg_category":null,"rttpg_excerpt":"As comunidades industrial e acad\u00e9mica t\u00eam mostrado um interesse crescente em maximizar e otimizar a utiliza\u00e7\u00e3o dos recursos computacionais atrav\u00e9s do desenvolvimento e utiliza\u00e7\u00e3o de sistemas paralelos, distribu\u00eddos e de larga escala. Assim, a motiva\u00e7\u00e3o para uma sess\u00e3o na \u00e1rea da Computa\u00e7\u00e3o Paralela, Distribu\u00edda e de Larga Escala (CPDLA) adv\u00e9m naturalmente da import\u00e2ncia crescente que&hellip;","_links":{"self":[{"href":"https:\/\/inforum2025.xdi.uevora.pt\/index.php\/wp-json\/wp\/v2\/pages\/2299","targetHints":{"allow":["GET"]}}],"collection":[{"href":"https:\/\/inforum2025.xdi.uevora.pt\/index.php\/wp-json\/wp\/v2\/pages"}],"about":[{"href":"https:\/\/inforum2025.xdi.uevora.pt\/index.php\/wp-json\/wp\/v2\/types\/page"}],"author":[{"embeddable":true,"href":"https:\/\/inforum2025.xdi.uevora.pt\/index.php\/wp-json\/wp\/v2\/users\/6"}],"replies":[{"embeddable":true,"href":"https:\/\/inforum2025.xdi.uevora.pt\/index.php\/wp-json\/wp\/v2\/comments?post=2299"}],"version-history":[{"count":5,"href":"https:\/\/inforum2025.xdi.uevora.pt\/index.php\/wp-json\/wp\/v2\/pages\/2299\/revisions"}],"predecessor-version":[{"id":2418,"href":"https:\/\/inforum2025.xdi.uevora.pt\/index.php\/wp-json\/wp\/v2\/pages\/2299\/revisions\/2418"}],"wp:attachment":[{"href":"https:\/\/inforum2025.xdi.uevora.pt\/index.php\/wp-json\/wp\/v2\/media?parent=2299"}],"curies":[{"name":"wp","href":"https:\/\/api.w.org\/{rel}","templated":true}]}}