{"id":2083,"date":"2021-10-19T14:24:35","date_gmt":"2021-10-19T14:24:35","guid":{"rendered":"http:\/\/inforum2025.xdi.uevora.pt\/?page_id=2083"},"modified":"2025-09-05T10:34:08","modified_gmt":"2025-09-05T10:34:08","slug":"venue-2","status":"publish","type":"page","link":"https:\/\/inforum2025.xdi.uevora.pt\/index.php\/venue-2\/","title":{"rendered":"Local e Informa\u00e7\u00f5es"},"content":{"rendered":"\n<h2 class=\"wp-block-heading\">Localiza\u00e7\u00e3o<\/h2>\n\n\n\n<p>O <mark style=\"background-color:rgba(0, 0, 0, 0);color:#9f1c33\" class=\"has-inline-color\"><strong>INForum 2025<\/strong><\/mark> ter\u00e1 lugar na <strong>Universidade de \u00c9vora<\/strong>, com o registo e a abertura da confer\u00eancia a decorrer no <strong>Pal\u00e1cio de Dom Manuel<\/strong>. As sess\u00f5es ser\u00e3o distribu\u00eddas entre o <strong>Pal\u00e1cio de Dom Manuel<\/strong> e o<strong> Col\u00e9gio Lu\u00eds Ant\u00f3nio de Verney<\/strong> (<a href=\"https:\/\/inforum2025.xdi.uevora.pt\/index.php\/programa\/\" data-type=\"page\" data-id=\"2677\"><mark style=\"background-color:rgba(0, 0, 0, 0);color:#9f1c33;text-decoration: underline;\" class=\"has-inline-color\">ver programa<\/mark><\/a>).<\/p>\n\n\n\n<p>No seguinte mapa, real\u00e7am-se as localiza\u00e7\u00f5es do <strong>Pal\u00e1cio de Dom Manuel<\/strong> e do <strong>Col\u00e9gio Lu\u00eds Ant\u00f3nio de Verney<\/strong> (Universidade de \u00c9vora), que se encontram <strong>muito pr\u00f3ximos entre si<\/strong>.<\/p>\n\n\n\n<iframe src=\"https:\/\/www.google.com\/maps\/embed?pb=!1m26!1m12!1m3!1d779.8759236774931!2d-7.909549398334528!3d38.568247160067195!2m3!1f0!2f0!3f0!3m2!1i1024!2i768!4f13.1!4m11!3e2!4m5!1s0xd19e4dbc21c1691%3A0x67cc31c71a00e442!2sPal%C3%A1cio%20de%20Dom%20Manuel%2C%20Pa%C3%A7os%20de%20%C3%89vora%20%2F%20Pal%C3%A1cio%20de%20Dom%20Manuel%2C%20Rua%2024%20de%20Julho%2C%20%C3%89vora!3m2!1d38.5677778!2d-7.909166699999999!4m3!3m2!1d38.5680767!2d-7.909679!5e0!3m2!1spt-PT!2spt!4v1753967278074!5m2!1spt-PT!2spt\" width=\"100%\" height=\"450\" style=\"border:0;\" allowfullscreen=\"\" loading=\"lazy\" referrerpolicy=\"no-referrer-when-downgrade\"><\/iframe>\n\n\n\n<h2 class=\"wp-block-heading\">Salas da Confer\u00eancia<\/h2>\n\n\n\n<p>As sess\u00f5es do <strong>INForum 2025<\/strong> est\u00e3o distribu\u00eddas por tr\u00eas salas, localizadas em diferentes espa\u00e7os da Universidade de \u00c9vora e do Pal\u00e1cio de Dom Manuel.<\/p>\n\n\n\n<ul class=\"wp-block-list\">\n<li><mark style=\"background-color:rgba(0, 0, 0, 0);color:#9f1c33\" class=\"has-inline-color\"><strong>Sala 1:<\/strong> <\/mark><strong>Pal\u00e1cio de Dom Manuel<\/strong><\/li>\n\n\n\n<li><mark style=\"background-color:rgba(0, 0, 0, 0);color:#9f1c33\" class=\"has-inline-color\"><strong>Sala 2:<\/strong> <\/mark><strong>Anfiteatro 3<\/strong>, Col\u00e9gio Lu\u00eds Ant\u00f3nio de Verney (Universidade de \u00c9vora)<\/li>\n\n\n\n<li><strong><mark style=\"background-color:rgba(0, 0, 0, 0);color:#9f1c33\" class=\"has-inline-color\">Sala 3:<\/mark> Anfiteatro 4<\/strong>, Col\u00e9gio Lu\u00eds Ant\u00f3nio de Verney (Universidade de \u00c9vora)<\/li>\n<\/ul>\n\n\n\n<h2 class=\"wp-block-heading\">Jantar<\/h2>\n\n\n\n<p>O jantar na noite do dia 4 de setembro ser\u00e1 no hotel M&#8217;AR De AR Muralhas \u2013 Timeless Charm Hotel \u00c9vora, localizado na <a href=\"https:\/\/www.google.com\/maps\/place\/\/data=!4m2!3m1!1s0xd19e4df2741df1f:0x24c6f9c5d766b8e0?sa=X&amp;ved=1t:8290&amp;ictx=111\"><strong><mark style=\"background-color:rgba(0, 0, 0, 0);color:#9f1c33\" class=\"has-inline-color\">Tv. da Palmeira 4, 7000-546 \u00c9vora<\/mark><\/strong><\/a>.<\/p>\n\n\n\n<h2 class=\"wp-block-heading\">Almo\u00e7o<\/h2>\n\n\n\n<p>O almo\u00e7o no dia 5 de setembro ser\u00e1 no restaurante Adega da Talha Velha, localizado na <a href=\"https:\/\/www.google.com\/maps\/place\/\/data=!4m2!3m1!1s0xd19e584f1f59e03:0x7489e7e4219d9a6e?sa=X&amp;ved=1t:8290&amp;ictx=111\"><strong><mark style=\"background-color:rgba(0, 0, 0, 0);color:#9f1c33\" class=\"has-inline-color\">R. Rom\u00e3o Ramalho 56, 7000-652 \u00c9vora<\/mark><\/strong><\/a> (em frente ao port\u00e3o do parque de estacionamento do Col\u00e9gio Lu\u00eds Ant\u00f3nio de Verney).<\/p>\n\n\n\n<p><\/p>\n","protected":false},"excerpt":{"rendered":"<p>Localiza\u00e7\u00e3o O INForum 2025 ter\u00e1 lugar na Universidade de \u00c9vora, com o registo e a abertura da confer\u00eancia a decorrer no Pal\u00e1cio de Dom Manuel. As sess\u00f5es ser\u00e3o distribu\u00eddas entre o Pal\u00e1cio de Dom Manuel e o Col\u00e9gio Lu\u00eds Ant\u00f3nio de Verney (ver programa). No seguinte mapa, real\u00e7am-se as localiza\u00e7\u00f5es do Pal\u00e1cio de Dom Manuel &hellip; <\/p>\n","protected":false},"author":1,"featured_media":0,"parent":0,"menu_order":0,"comment_status":"closed","ping_status":"closed","template":"","meta":{"footnotes":""},"class_list":["post-2083","page","type-page","status-publish","hentry"],"rttpg_featured_image_url":null,"rttpg_author":{"display_name":"pds","author_link":"https:\/\/inforum2025.xdi.uevora.pt\/index.php\/author\/pds\/"},"rttpg_comment":0,"rttpg_category":null,"rttpg_excerpt":"Localiza\u00e7\u00e3o O INForum 2025 ter\u00e1 lugar na Universidade de \u00c9vora, com o registo e a abertura da confer\u00eancia a decorrer no Pal\u00e1cio de Dom Manuel. As sess\u00f5es ser\u00e3o distribu\u00eddas entre o Pal\u00e1cio de Dom Manuel e o Col\u00e9gio Lu\u00eds Ant\u00f3nio de Verney (ver programa). No seguinte mapa, real\u00e7am-se as localiza\u00e7\u00f5es do Pal\u00e1cio de Dom Manuel&hellip;","_links":{"self":[{"href":"https:\/\/inforum2025.xdi.uevora.pt\/index.php\/wp-json\/wp\/v2\/pages\/2083","targetHints":{"allow":["GET"]}}],"collection":[{"href":"https:\/\/inforum2025.xdi.uevora.pt\/index.php\/wp-json\/wp\/v2\/pages"}],"about":[{"href":"https:\/\/inforum2025.xdi.uevora.pt\/index.php\/wp-json\/wp\/v2\/types\/page"}],"author":[{"embeddable":true,"href":"https:\/\/inforum2025.xdi.uevora.pt\/index.php\/wp-json\/wp\/v2\/users\/1"}],"replies":[{"embeddable":true,"href":"https:\/\/inforum2025.xdi.uevora.pt\/index.php\/wp-json\/wp\/v2\/comments?post=2083"}],"version-history":[{"count":49,"href":"https:\/\/inforum2025.xdi.uevora.pt\/index.php\/wp-json\/wp\/v2\/pages\/2083\/revisions"}],"predecessor-version":[{"id":2866,"href":"https:\/\/inforum2025.xdi.uevora.pt\/index.php\/wp-json\/wp\/v2\/pages\/2083\/revisions\/2866"}],"wp:attachment":[{"href":"https:\/\/inforum2025.xdi.uevora.pt\/index.php\/wp-json\/wp\/v2\/media?parent=2083"}],"curies":[{"name":"wp","href":"https:\/\/api.w.org\/{rel}","templated":true}]}}