{"id":2038,"date":"2021-09-30T09:02:43","date_gmt":"2021-09-30T09:02:43","guid":{"rendered":"http:\/\/inforum2025.xdi.uevora.pt\/?page_id=2038"},"modified":"2025-07-16T17:57:08","modified_gmt":"2025-07-16T17:57:08","slug":"dates","status":"publish","type":"page","link":"https:\/\/inforum2025.xdi.uevora.pt\/index.php\/dates\/","title":{"rendered":"Datas"},"content":{"rendered":"\n<h2 class=\"wp-block-heading\"><strong>Datas Importantes<\/strong><\/h2>\n\n\n\n<ul class=\"wp-block-list\">\n<li>Submiss\u00e3o de resumos de artigos: <strong><s>14 de junho<\/s> 21 de junho<\/strong><\/li>\n\n\n\n<li>Submiss\u00e3o de artigos:<s> <strong>21 de junho<\/strong><\/s><strong> 28 de junho<\/strong><\/li>\n\n\n\n<li>Notifica\u00e7\u00e3o aos autores dos artigos: <strong><s>8 de julho<\/s> 14 de julho<\/strong><\/li>\n\n\n\n<li>Submiss\u00e3o de comunica\u00e7\u00f5es, p\u00f3steres e demonstra\u00e7\u00f5es: <strong><s>11 de julho<\/s><\/strong> <strong>16 de julho<\/strong><\/li>\n\n\n\n<li>Notifica\u00e7\u00e3o aos autores das comunica\u00e7\u00f5es, p\u00f3steres e demonstra\u00e7\u00f5es: <strong>18 de julho<\/strong><\/li>\n\n\n\n<li>Submiss\u00e3o de vers\u00f5es finais de artigos: <strong><s>18 de julho<\/s><\/strong> <strong>30 de julho<\/strong><\/li>\n\n\n\n<li>Submiss\u00e3o de vers\u00f5es finais de comunica\u00e7\u00f5es, p\u00f3steres e demonstra\u00e7\u00f5es: <strong>30 de julho<\/strong><\/li>\n\n\n\n<li>Evento em \u00c9vora: <strong>4 e 5<\/strong> <strong>de setembro<\/strong><\/li>\n<\/ul>\n","protected":false},"excerpt":{"rendered":"<p>Datas Importantes<\/p>\n","protected":false},"author":1,"featured_media":0,"parent":0,"menu_order":0,"comment_status":"closed","ping_status":"closed","template":"","meta":{"footnotes":""},"class_list":["post-2038","page","type-page","status-publish","hentry"],"rttpg_featured_image_url":null,"rttpg_author":{"display_name":"pds","author_link":"https:\/\/inforum2025.xdi.uevora.pt\/index.php\/author\/pds\/"},"rttpg_comment":0,"rttpg_category":null,"rttpg_excerpt":"Datas Importantes","_links":{"self":[{"href":"https:\/\/inforum2025.xdi.uevora.pt\/index.php\/wp-json\/wp\/v2\/pages\/2038","targetHints":{"allow":["GET"]}}],"collection":[{"href":"https:\/\/inforum2025.xdi.uevora.pt\/index.php\/wp-json\/wp\/v2\/pages"}],"about":[{"href":"https:\/\/inforum2025.xdi.uevora.pt\/index.php\/wp-json\/wp\/v2\/types\/page"}],"author":[{"embeddable":true,"href":"https:\/\/inforum2025.xdi.uevora.pt\/index.php\/wp-json\/wp\/v2\/users\/1"}],"replies":[{"embeddable":true,"href":"https:\/\/inforum2025.xdi.uevora.pt\/index.php\/wp-json\/wp\/v2\/comments?post=2038"}],"version-history":[{"count":18,"href":"https:\/\/inforum2025.xdi.uevora.pt\/index.php\/wp-json\/wp\/v2\/pages\/2038\/revisions"}],"predecessor-version":[{"id":2618,"href":"https:\/\/inforum2025.xdi.uevora.pt\/index.php\/wp-json\/wp\/v2\/pages\/2038\/revisions\/2618"}],"wp:attachment":[{"href":"https:\/\/inforum2025.xdi.uevora.pt\/index.php\/wp-json\/wp\/v2\/media?parent=2038"}],"curies":[{"name":"wp","href":"https:\/\/api.w.org\/{rel}","templated":true}]}}